{"id":136,"date":"2020-01-27T15:53:33","date_gmt":"2020-01-27T15:53:33","guid":{"rendered":"https:\/\/zwischenraum-rheydt.de\/?page_id=136"},"modified":"2020-08-23T11:18:36","modified_gmt":"2020-08-23T11:18:36","slug":"blick-in-den-zwischenraum","status":"publish","type":"page","link":"https:\/\/zwischenraum-rheydt.de\/index.php\/blick-in-den-zwischenraum\/","title":{"rendered":"Impressionen aus dem  ZWISCHENRAUM"},"content":{"rendered":"\n<figure class=\"wp-container-2 wp-block-gallery-1 wp-block-gallery columns-2 is-cropped\"><ul class=\"blocks-gallery-grid\"><li class=\"blocks-gallery-item\"><figure><img loading=\"lazy\" width=\"730\" height=\"969\" src=\"https:\/\/zwischenraum-rheydt.de\/wp-content\/uploads\/2020\/02\/julien-gerahmt-ausschnit.jpg\" alt=\"\" data-id=\"384\" data-link=\"https:\/\/zwischenraum-rheydt.de\/index.php\/blick-in-den-zwischenraum\/julien-gerahmt-ausschnit\/#main\" class=\"wp-image-384\" srcset=\"https:\/\/zwischenraum-rheydt.de\/wp-content\/uploads\/2020\/02\/julien-gerahmt-ausschnit.jpg 730w, https:\/\/zwischenraum-rheydt.de\/wp-content\/uploads\/2020\/02\/julien-gerahmt-ausschnit-226x300.jpg 226w\" sizes=\"(max-width: 730px) 100vw, 730px\" \/><\/figure><\/li><li class=\"blocks-gallery-item\"><figure><img loading=\"lazy\" width=\"496\" height=\"600\" src=\"https:\/\/zwischenraum-rheydt.de\/wp-content\/uploads\/2020\/02\/DSC06297_600.png\" alt=\"\" data-id=\"383\" data-link=\"https:\/\/zwischenraum-rheydt.de\/index.php\/blick-in-den-zwischenraum\/dsc06297_600\/#main\" class=\"wp-image-383\" srcset=\"https:\/\/zwischenraum-rheydt.de\/wp-content\/uploads\/2020\/02\/DSC06297_600.png 496w, https:\/\/zwischenraum-rheydt.de\/wp-content\/uploads\/2020\/02\/DSC06297_600-248x300.png 248w\" sizes=\"(max-width: 496px) 100vw, 496px\" \/><\/figure><\/li><li class=\"blocks-gallery-item\"><figure><img loading=\"lazy\" width=\"768\" height=\"1024\" src=\"https:\/\/zwischenraum-rheydt.de\/wp-content\/uploads\/2020\/08\/M\u00fcnzautomat1926-768x1024.jpeg\" alt=\"\" data-id=\"753\" data-link=\"https:\/\/zwischenraum-rheydt.de\/index.php\/blick-in-den-zwischenraum\/muenzautomat1926\/#main\" class=\"wp-image-753\" srcset=\"https:\/\/zwischenraum-rheydt.de\/wp-content\/uploads\/2020\/08\/M\u00fcnzautomat1926-768x1024.jpeg 768w, https:\/\/zwischenraum-rheydt.de\/wp-content\/uploads\/2020\/08\/M\u00fcnzautomat1926-225x300.jpeg 225w, https:\/\/zwischenraum-rheydt.de\/wp-content\/uploads\/2020\/08\/M\u00fcnzautomat1926-1152x1536.jpeg 1152w, https:\/\/zwischenraum-rheydt.de\/wp-content\/uploads\/2020\/08\/M\u00fcnzautomat1926.jpeg 1200w\" sizes=\"(max-width: 768px) 100vw, 768px\" \/><\/figure><\/li><li class=\"blocks-gallery-item\"><figure><img loading=\"lazy\" width=\"1024\" height=\"768\" src=\"https:\/\/zwischenraum-rheydt.de\/wp-content\/uploads\/2020\/08\/mieterschilder-1024x768.jpeg\" alt=\"\" data-id=\"754\" data-link=\"https:\/\/zwischenraum-rheydt.de\/index.php\/blick-in-den-zwischenraum\/mieterschilder\/#main\" class=\"wp-image-754\" srcset=\"https:\/\/zwischenraum-rheydt.de\/wp-content\/uploads\/2020\/08\/mieterschilder-1024x768.jpeg 1024w, https:\/\/zwischenraum-rheydt.de\/wp-content\/uploads\/2020\/08\/mieterschilder-300x225.jpeg 300w, https:\/\/zwischenraum-rheydt.de\/wp-content\/uploads\/2020\/08\/mieterschilder-768x576.jpeg 768w, https:\/\/zwischenraum-rheydt.de\/wp-content\/uploads\/2020\/08\/mieterschilder-1536x1152.jpeg 1536w, https:\/\/zwischenraum-rheydt.de\/wp-content\/uploads\/2020\/08\/mieterschilder.jpeg 1600w\" sizes=\"(max-width: 1024px) 100vw, 1024px\" \/><\/figure><\/li><li class=\"blocks-gallery-item\"><figure><img loading=\"lazy\" width=\"1024\" height=\"768\" src=\"https:\/\/zwischenraum-rheydt.de\/wp-content\/uploads\/2020\/08\/Palme-Vazquez-1024x768.jpeg\" alt=\"\" data-id=\"755\" data-link=\"https:\/\/zwischenraum-rheydt.de\/index.php\/blick-in-den-zwischenraum\/palme-vazquez\/#main\" class=\"wp-image-755\" srcset=\"https:\/\/zwischenraum-rheydt.de\/wp-content\/uploads\/2020\/08\/Palme-Vazquez-1024x768.jpeg 1024w, https:\/\/zwischenraum-rheydt.de\/wp-content\/uploads\/2020\/08\/Palme-Vazquez-300x225.jpeg 300w, https:\/\/zwischenraum-rheydt.de\/wp-content\/uploads\/2020\/08\/Palme-Vazquez-768x576.jpeg 768w, https:\/\/zwischenraum-rheydt.de\/wp-content\/uploads\/2020\/08\/Palme-Vazquez-1536x1152.jpeg 1536w, https:\/\/zwischenraum-rheydt.de\/wp-content\/uploads\/2020\/08\/Palme-Vazquez.jpeg 1600w\" sizes=\"(max-width: 1024px) 100vw, 1024px\" \/><\/figure><\/li><li class=\"blocks-gallery-item\"><figure><img loading=\"lazy\" width=\"1024\" height=\"768\" src=\"https:\/\/zwischenraum-rheydt.de\/wp-content\/uploads\/2020\/08\/Versammlung-Atrium-1024x768.jpeg\" alt=\"\" data-id=\"756\" data-full-url=\"https:\/\/zwischenraum-rheydt.de\/wp-content\/uploads\/2020\/08\/Versammlung-Atrium.jpeg\" data-link=\"https:\/\/zwischenraum-rheydt.de\/index.php\/blick-in-den-zwischenraum\/versammlung-atrium\/#main\" class=\"wp-image-756\" srcset=\"https:\/\/zwischenraum-rheydt.de\/wp-content\/uploads\/2020\/08\/Versammlung-Atrium-1024x768.jpeg 1024w, https:\/\/zwischenraum-rheydt.de\/wp-content\/uploads\/2020\/08\/Versammlung-Atrium-300x225.jpeg 300w, https:\/\/zwischenraum-rheydt.de\/wp-content\/uploads\/2020\/08\/Versammlung-Atrium-768x576.jpeg 768w, https:\/\/zwischenraum-rheydt.de\/wp-content\/uploads\/2020\/08\/Versammlung-Atrium-1536x1152.jpeg 1536w, https:\/\/zwischenraum-rheydt.de\/wp-content\/uploads\/2020\/08\/Versammlung-Atrium.jpeg 1600w\" sizes=\"(max-width: 1024px) 100vw, 1024px\" \/><\/figure><\/li><\/ul><\/figure>\n\n\n\n<figure class=\"wp-container-4 wp-block-gallery-3 wp-block-gallery columns-2 is-cropped\"><ul class=\"blocks-gallery-grid\"><li class=\"blocks-gallery-item\"><figure><img loading=\"lazy\" width=\"768\" height=\"1024\" src=\"https:\/\/zwischenraum-rheydt.de\/wp-content\/uploads\/2020\/01\/elef-in-arbeit-768x1024.jpg\" alt=\"\" data-id=\"192\" data-link=\"https:\/\/zwischenraum-rheydt.de\/index.php\/blick-in-den-zwischenraum\/elef-in-arbeit\/#main\" class=\"wp-image-192\" srcset=\"https:\/\/zwischenraum-rheydt.de\/wp-content\/uploads\/2020\/01\/elef-in-arbeit-768x1024.jpg 768w, https:\/\/zwischenraum-rheydt.de\/wp-content\/uploads\/2020\/01\/elef-in-arbeit-225x300.jpg 225w, https:\/\/zwischenraum-rheydt.de\/wp-content\/uploads\/2020\/01\/elef-in-arbeit.jpg 1047w\" sizes=\"(max-width: 768px) 100vw, 768px\" \/><\/figure><\/li><li class=\"blocks-gallery-item\"><figure><img loading=\"lazy\" width=\"1024\" height=\"768\" src=\"https:\/\/zwischenraum-rheydt.de\/wp-content\/uploads\/2020\/01\/DSC06313-1024x768.png\" alt=\"\" data-id=\"191\" data-link=\"https:\/\/zwischenraum-rheydt.de\/index.php\/blick-in-den-zwischenraum\/dsc06313\/#main\" class=\"wp-image-191\" srcset=\"https:\/\/zwischenraum-rheydt.de\/wp-content\/uploads\/2020\/01\/DSC06313-1024x768.png 1024w, https:\/\/zwischenraum-rheydt.de\/wp-content\/uploads\/2020\/01\/DSC06313-300x225.png 300w, https:\/\/zwischenraum-rheydt.de\/wp-content\/uploads\/2020\/01\/DSC06313-768x576.png 768w, https:\/\/zwischenraum-rheydt.de\/wp-content\/uploads\/2020\/01\/DSC06313.png 1200w\" sizes=\"(max-width: 1024px) 100vw, 1024px\" \/><\/figure><\/li><li class=\"blocks-gallery-item\"><figure><img loading=\"lazy\" width=\"768\" height=\"1024\" src=\"https:\/\/zwischenraum-rheydt.de\/wp-content\/uploads\/2020\/01\/Ed_Z-1-768x1024.jpeg\" alt=\"\" data-id=\"198\" data-link=\"https:\/\/zwischenraum-rheydt.de\/index.php\/blick-in-den-zwischenraum\/ed_z-1\/#main\" class=\"wp-image-198\" srcset=\"https:\/\/zwischenraum-rheydt.de\/wp-content\/uploads\/2020\/01\/Ed_Z-1-768x1024.jpeg 768w, https:\/\/zwischenraum-rheydt.de\/wp-content\/uploads\/2020\/01\/Ed_Z-1-225x300.jpeg 225w, https:\/\/zwischenraum-rheydt.de\/wp-content\/uploads\/2020\/01\/Ed_Z-1-1152x1536.jpeg 1152w, https:\/\/zwischenraum-rheydt.de\/wp-content\/uploads\/2020\/01\/Ed_Z-1.jpeg 1200w\" sizes=\"(max-width: 768px) 100vw, 768px\" \/><\/figure><\/li><li class=\"blocks-gallery-item\"><figure><img loading=\"lazy\" width=\"768\" height=\"1024\" src=\"https:\/\/zwischenraum-rheydt.de\/wp-content\/uploads\/2020\/01\/DSC06312-768x1024.png\" alt=\"\" data-id=\"190\" data-link=\"https:\/\/zwischenraum-rheydt.de\/index.php\/blick-in-den-zwischenraum\/dsc06312\/#main\" class=\"wp-image-190\" srcset=\"https:\/\/zwischenraum-rheydt.de\/wp-content\/uploads\/2020\/01\/DSC06312-768x1024.png 768w, https:\/\/zwischenraum-rheydt.de\/wp-content\/uploads\/2020\/01\/DSC06312-225x300.png 225w, https:\/\/zwischenraum-rheydt.de\/wp-content\/uploads\/2020\/01\/DSC06312.png 900w\" sizes=\"(max-width: 768px) 100vw, 768px\" \/><\/figure><\/li><li class=\"blocks-gallery-item\"><figure><img loading=\"lazy\" width=\"1024\" height=\"768\" src=\"https:\/\/zwischenraum-rheydt.de\/wp-content\/uploads\/2020\/08\/kleiner-Besprechungsraum-1024x768.jpeg\" alt=\"\" data-id=\"758\" data-full-url=\"https:\/\/zwischenraum-rheydt.de\/wp-content\/uploads\/2020\/08\/kleiner-Besprechungsraum.jpeg\" data-link=\"https:\/\/zwischenraum-rheydt.de\/index.php\/blick-in-den-zwischenraum\/kleiner-besprechungsraum\/#main\" class=\"wp-image-758\" srcset=\"https:\/\/zwischenraum-rheydt.de\/wp-content\/uploads\/2020\/08\/kleiner-Besprechungsraum-1024x768.jpeg 1024w, https:\/\/zwischenraum-rheydt.de\/wp-content\/uploads\/2020\/08\/kleiner-Besprechungsraum-300x225.jpeg 300w, https:\/\/zwischenraum-rheydt.de\/wp-content\/uploads\/2020\/08\/kleiner-Besprechungsraum-768x576.jpeg 768w, https:\/\/zwischenraum-rheydt.de\/wp-content\/uploads\/2020\/08\/kleiner-Besprechungsraum-1536x1152.jpeg 1536w, https:\/\/zwischenraum-rheydt.de\/wp-content\/uploads\/2020\/08\/kleiner-Besprechungsraum.jpeg 1600w\" sizes=\"(max-width: 1024px) 100vw, 1024px\" \/><\/figure><\/li><li class=\"blocks-gallery-item\"><figure><img loading=\"lazy\" width=\"811\" height=\"1024\" src=\"https:\/\/zwischenraum-rheydt.de\/wp-content\/uploads\/2020\/02\/blauequadrateben-1-811x1024.jpg\" alt=\"\" data-id=\"461\" data-link=\"https:\/\/zwischenraum-rheydt.de\/index.php\/blick-in-den-zwischenraum\/blauequadrateben-1\/#main\" class=\"wp-image-461\" srcset=\"https:\/\/zwischenraum-rheydt.de\/wp-content\/uploads\/2020\/02\/blauequadrateben-1-811x1024.jpg 811w, https:\/\/zwischenraum-rheydt.de\/wp-content\/uploads\/2020\/02\/blauequadrateben-1-238x300.jpg 238w, https:\/\/zwischenraum-rheydt.de\/wp-content\/uploads\/2020\/02\/blauequadrateben-1-768x970.jpg 768w, https:\/\/zwischenraum-rheydt.de\/wp-content\/uploads\/2020\/02\/blauequadrateben-1.jpg 905w\" sizes=\"(max-width: 811px) 100vw, 811px\" \/><\/figure><\/li><\/ul><\/figure>\n\n\n\n<figure class=\"wp-container-6 wp-block-gallery-5 wp-block-gallery columns-3 is-cropped\"><ul class=\"blocks-gallery-grid\"><li class=\"blocks-gallery-item\"><figure><img loading=\"lazy\" width=\"768\" height=\"1024\" src=\"https:\/\/zwischenraum-rheydt.de\/wp-content\/uploads\/2020\/08\/Arbeitsplatz-vorn-768x1024.jpeg\" alt=\"\" data-id=\"759\" data-link=\"https:\/\/zwischenraum-rheydt.de\/index.php\/blick-in-den-zwischenraum\/arbeitsplatz-vorn\/#main\" class=\"wp-image-759\" srcset=\"https:\/\/zwischenraum-rheydt.de\/wp-content\/uploads\/2020\/08\/Arbeitsplatz-vorn-768x1024.jpeg 768w, https:\/\/zwischenraum-rheydt.de\/wp-content\/uploads\/2020\/08\/Arbeitsplatz-vorn-225x300.jpeg 225w, https:\/\/zwischenraum-rheydt.de\/wp-content\/uploads\/2020\/08\/Arbeitsplatz-vorn-1152x1536.jpeg 1152w, https:\/\/zwischenraum-rheydt.de\/wp-content\/uploads\/2020\/08\/Arbeitsplatz-vorn.jpeg 1200w\" sizes=\"(max-width: 768px) 100vw, 768px\" \/><\/figure><\/li><li class=\"blocks-gallery-item\"><figure><img loading=\"lazy\" width=\"1024\" height=\"768\" src=\"https:\/\/zwischenraum-rheydt.de\/wp-content\/uploads\/2020\/08\/bistro1200-1-1024x768.jpg\" alt=\"\" data-id=\"760\" data-link=\"https:\/\/zwischenraum-rheydt.de\/index.php\/blick-in-den-zwischenraum\/bistro1200-1-2\/#main\" class=\"wp-image-760\" srcset=\"https:\/\/zwischenraum-rheydt.de\/wp-content\/uploads\/2020\/08\/bistro1200-1-1024x768.jpg 1024w, https:\/\/zwischenraum-rheydt.de\/wp-content\/uploads\/2020\/08\/bistro1200-1-300x225.jpg 300w, https:\/\/zwischenraum-rheydt.de\/wp-content\/uploads\/2020\/08\/bistro1200-1-768x576.jpg 768w, https:\/\/zwischenraum-rheydt.de\/wp-content\/uploads\/2020\/08\/bistro1200-1.jpg 1200w\" sizes=\"(max-width: 1024px) 100vw, 1024px\" \/><\/figure><\/li><li class=\"blocks-gallery-item\"><figure><img loading=\"lazy\" width=\"768\" height=\"1024\" src=\"https:\/\/zwischenraum-rheydt.de\/wp-content\/uploads\/2020\/08\/DSC06312-768x1024.png\" alt=\"\" data-id=\"761\" data-link=\"https:\/\/zwischenraum-rheydt.de\/index.php\/blick-in-den-zwischenraum\/dsc06312-3\/#main\" class=\"wp-image-761\" srcset=\"https:\/\/zwischenraum-rheydt.de\/wp-content\/uploads\/2020\/08\/DSC06312-768x1024.png 768w, https:\/\/zwischenraum-rheydt.de\/wp-content\/uploads\/2020\/08\/DSC06312-225x300.png 225w, https:\/\/zwischenraum-rheydt.de\/wp-content\/uploads\/2020\/08\/DSC06312.png 900w\" sizes=\"(max-width: 768px) 100vw, 768px\" \/><\/figure><\/li><li class=\"blocks-gallery-item\"><figure><img loading=\"lazy\" width=\"736\" height=\"1024\" src=\"https:\/\/zwischenraum-rheydt.de\/wp-content\/uploads\/2020\/08\/edikopf-736x1024.jpg\" alt=\"\" data-id=\"762\" data-link=\"https:\/\/zwischenraum-rheydt.de\/index.php\/blick-in-den-zwischenraum\/edikopf-2\/#main\" class=\"wp-image-762\" srcset=\"https:\/\/zwischenraum-rheydt.de\/wp-content\/uploads\/2020\/08\/edikopf-736x1024.jpg 736w, https:\/\/zwischenraum-rheydt.de\/wp-content\/uploads\/2020\/08\/edikopf-216x300.jpg 216w, https:\/\/zwischenraum-rheydt.de\/wp-content\/uploads\/2020\/08\/edikopf-768x1068.jpg 768w, https:\/\/zwischenraum-rheydt.de\/wp-content\/uploads\/2020\/08\/edikopf.jpg 982w\" sizes=\"(max-width: 736px) 100vw, 736px\" \/><\/figure><\/li><li class=\"blocks-gallery-item\"><figure><img loading=\"lazy\" width=\"1024\" height=\"671\" src=\"https:\/\/zwischenraum-rheydt.de\/wp-content\/uploads\/2020\/08\/Lounge-vorn-1024x671.png\" alt=\"\" data-id=\"763\" data-full-url=\"https:\/\/zwischenraum-rheydt.de\/wp-content\/uploads\/2020\/08\/Lounge-vorn.png\" data-link=\"https:\/\/zwischenraum-rheydt.de\/index.php\/blick-in-den-zwischenraum\/lounge-vorn-2\/#main\" class=\"wp-image-763\" srcset=\"https:\/\/zwischenraum-rheydt.de\/wp-content\/uploads\/2020\/08\/Lounge-vorn-1024x671.png 1024w, https:\/\/zwischenraum-rheydt.de\/wp-content\/uploads\/2020\/08\/Lounge-vorn-300x197.png 300w, https:\/\/zwischenraum-rheydt.de\/wp-content\/uploads\/2020\/08\/Lounge-vorn-768x503.png 768w, https:\/\/zwischenraum-rheydt.de\/wp-content\/uploads\/2020\/08\/Lounge-vorn.png 1200w\" sizes=\"(max-width: 1024px) 100vw, 1024px\" \/><\/figure><\/li><\/ul><\/figure>\n","protected":false},"excerpt":{"rendered":"","protected":false},"author":1,"featured_media":138,"parent":0,"menu_order":0,"comment_status":"closed","ping_status":"closed","template":"","meta":[],"yoast_head":"<!-- This site is optimized with the Yoast SEO plugin v19.3 - https:\/\/yoast.com\/wordpress\/plugins\/seo\/ -->\n<title>Impressionen aus dem ZWISCHENRAUM - Zwischenraum Rheydt<\/title>\n<meta name=\"description\" content=\"Mietbare Pl\u00e4tze, Fl\u00e4chen und R\u00e4ume mit Ambiente - Kunst und Kultur wird greifbar - Arbeit, Kunst und Soziales kommunizieren - Begegnung der Generationen\" \/>\n<meta name=\"robots\" content=\"index, follow, max-snippet:-1, max-image-preview:large, max-video-preview:-1\" \/>\n<link rel=\"canonical\" href=\"https:\/\/zwischenraum-rheydt.de\/index.php\/blick-in-den-zwischenraum\/\" \/>\n<meta property=\"og:locale\" content=\"de_DE\" \/>\n<meta property=\"og:type\" content=\"article\" \/>\n<meta property=\"og:title\" content=\"Impressionen aus dem ZWISCHENRAUM - Zwischenraum Rheydt\" \/>\n<meta property=\"og:description\" content=\"Mietbare Pl\u00e4tze, Fl\u00e4chen und R\u00e4ume mit Ambiente - Kunst und Kultur wird greifbar - Arbeit, Kunst und Soziales kommunizieren - Begegnung der Generationen\" \/>\n<meta property=\"og:url\" content=\"https:\/\/zwischenraum-rheydt.de\/index.php\/blick-in-den-zwischenraum\/\" \/>\n<meta property=\"og:site_name\" content=\"Zwischenraum Rheydt\" \/>\n<meta property=\"article:modified_time\" content=\"2020-08-23T11:18:36+00:00\" \/>\n<meta property=\"og:image\" content=\"https:\/\/zwischenraum-rheydt.de\/wp-content\/uploads\/2020\/01\/Gro\u00dferRaumDSC05985_1200-2.png\" \/>\n\t<meta property=\"og:image:width\" content=\"1200\" \/>\n\t<meta property=\"og:image:height\" content=\"900\" \/>\n\t<meta property=\"og:image:type\" content=\"image\/png\" \/>\n<meta name=\"twitter:card\" content=\"summary_large_image\" \/>\n<script type=\"application\/ld+json\" class=\"yoast-schema-graph\">{\"@context\":\"https:\/\/schema.org\",\"@graph\":[{\"@type\":\"Organization\",\"@id\":\"https:\/\/zwischenraum-rheydt.de\/#organization\",\"name\":\"matchingGenerations GmbH & Co. KG\",\"url\":\"https:\/\/zwischenraum-rheydt.de\/\",\"sameAs\":[],\"logo\":{\"@type\":\"ImageObject\",\"inLanguage\":\"de\",\"@id\":\"https:\/\/zwischenraum-rheydt.de\/#\/schema\/logo\/image\/\",\"url\":\"https:\/\/zwischenraum-rheydt.de\/wp-content\/uploads\/2020\/01\/logo-zr-neu.png\",\"contentUrl\":\"https:\/\/zwischenraum-rheydt.de\/wp-content\/uploads\/2020\/01\/logo-zr-neu.png\",\"width\":975,\"height\":319,\"caption\":\"matchingGenerations GmbH & Co. KG\"},\"image\":{\"@id\":\"https:\/\/zwischenraum-rheydt.de\/#\/schema\/logo\/image\/\"}},{\"@type\":\"WebSite\",\"@id\":\"https:\/\/zwischenraum-rheydt.de\/#website\",\"url\":\"https:\/\/zwischenraum-rheydt.de\/\",\"name\":\"Zwischenraum Rheydt\",\"description\":\"\",\"publisher\":{\"@id\":\"https:\/\/zwischenraum-rheydt.de\/#organization\"},\"potentialAction\":[{\"@type\":\"SearchAction\",\"target\":{\"@type\":\"EntryPoint\",\"urlTemplate\":\"https:\/\/zwischenraum-rheydt.de\/?s={search_term_string}\"},\"query-input\":\"required name=search_term_string\"}],\"inLanguage\":\"de\"},{\"@type\":\"ImageObject\",\"inLanguage\":\"de\",\"@id\":\"https:\/\/zwischenraum-rheydt.de\/index.php\/blick-in-den-zwischenraum\/#primaryimage\",\"url\":\"https:\/\/zwischenraum-rheydt.de\/wp-content\/uploads\/2020\/01\/Gro\u00dferRaumDSC05985_1200-2.png\",\"contentUrl\":\"https:\/\/zwischenraum-rheydt.de\/wp-content\/uploads\/2020\/01\/Gro\u00dferRaumDSC05985_1200-2.png\",\"width\":1200,\"height\":900},{\"@type\":\"WebPage\",\"@id\":\"https:\/\/zwischenraum-rheydt.de\/index.php\/blick-in-den-zwischenraum\/\",\"url\":\"https:\/\/zwischenraum-rheydt.de\/index.php\/blick-in-den-zwischenraum\/\",\"name\":\"Impressionen aus dem ZWISCHENRAUM - Zwischenraum Rheydt\",\"isPartOf\":{\"@id\":\"https:\/\/zwischenraum-rheydt.de\/#website\"},\"primaryImageOfPage\":{\"@id\":\"https:\/\/zwischenraum-rheydt.de\/index.php\/blick-in-den-zwischenraum\/#primaryimage\"},\"datePublished\":\"2020-01-27T15:53:33+00:00\",\"dateModified\":\"2020-08-23T11:18:36+00:00\",\"description\":\"Mietbare Pl\u00e4tze, Fl\u00e4chen und R\u00e4ume mit Ambiente - Kunst und Kultur wird greifbar - Arbeit, Kunst und Soziales kommunizieren - Begegnung der Generationen\",\"breadcrumb\":{\"@id\":\"https:\/\/zwischenraum-rheydt.de\/index.php\/blick-in-den-zwischenraum\/#breadcrumb\"},\"inLanguage\":\"de\",\"potentialAction\":[{\"@type\":\"ReadAction\",\"target\":[\"https:\/\/zwischenraum-rheydt.de\/index.php\/blick-in-den-zwischenraum\/\"]}]},{\"@type\":\"BreadcrumbList\",\"@id\":\"https:\/\/zwischenraum-rheydt.de\/index.php\/blick-in-den-zwischenraum\/#breadcrumb\",\"itemListElement\":[{\"@type\":\"ListItem\",\"position\":1,\"name\":\"Startseite\",\"item\":\"https:\/\/zwischenraum-rheydt.de\/\"},{\"@type\":\"ListItem\",\"position\":2,\"name\":\"Impressionen aus dem ZWISCHENRAUM\"}]}]}<\/script>\n<!-- \/ Yoast SEO plugin. -->","yoast_head_json":{"title":"Impressionen aus dem ZWISCHENRAUM - Zwischenraum Rheydt","description":"Mietbare Pl\u00e4tze, Fl\u00e4chen und R\u00e4ume mit Ambiente - Kunst und Kultur wird greifbar - Arbeit, Kunst und Soziales kommunizieren - Begegnung der Generationen","robots":{"index":"index","follow":"follow","max-snippet":"max-snippet:-1","max-image-preview":"max-image-preview:large","max-video-preview":"max-video-preview:-1"},"canonical":"https:\/\/zwischenraum-rheydt.de\/index.php\/blick-in-den-zwischenraum\/","og_locale":"de_DE","og_type":"article","og_title":"Impressionen aus dem ZWISCHENRAUM - Zwischenraum Rheydt","og_description":"Mietbare Pl\u00e4tze, Fl\u00e4chen und R\u00e4ume mit Ambiente - Kunst und Kultur wird greifbar - Arbeit, Kunst und Soziales kommunizieren - Begegnung der Generationen","og_url":"https:\/\/zwischenraum-rheydt.de\/index.php\/blick-in-den-zwischenraum\/","og_site_name":"Zwischenraum Rheydt","article_modified_time":"2020-08-23T11:18:36+00:00","og_image":[{"width":1200,"height":900,"url":"https:\/\/zwischenraum-rheydt.de\/wp-content\/uploads\/2020\/01\/Gro\u00dferRaumDSC05985_1200-2.png","type":"image\/png"}],"twitter_card":"summary_large_image","schema":{"@context":"https:\/\/schema.org","@graph":[{"@type":"Organization","@id":"https:\/\/zwischenraum-rheydt.de\/#organization","name":"matchingGenerations GmbH & Co. KG","url":"https:\/\/zwischenraum-rheydt.de\/","sameAs":[],"logo":{"@type":"ImageObject","inLanguage":"de","@id":"https:\/\/zwischenraum-rheydt.de\/#\/schema\/logo\/image\/","url":"https:\/\/zwischenraum-rheydt.de\/wp-content\/uploads\/2020\/01\/logo-zr-neu.png","contentUrl":"https:\/\/zwischenraum-rheydt.de\/wp-content\/uploads\/2020\/01\/logo-zr-neu.png","width":975,"height":319,"caption":"matchingGenerations GmbH & Co. KG"},"image":{"@id":"https:\/\/zwischenraum-rheydt.de\/#\/schema\/logo\/image\/"}},{"@type":"WebSite","@id":"https:\/\/zwischenraum-rheydt.de\/#website","url":"https:\/\/zwischenraum-rheydt.de\/","name":"Zwischenraum Rheydt","description":"","publisher":{"@id":"https:\/\/zwischenraum-rheydt.de\/#organization"},"potentialAction":[{"@type":"SearchAction","target":{"@type":"EntryPoint","urlTemplate":"https:\/\/zwischenraum-rheydt.de\/?s={search_term_string}"},"query-input":"required name=search_term_string"}],"inLanguage":"de"},{"@type":"ImageObject","inLanguage":"de","@id":"https:\/\/zwischenraum-rheydt.de\/index.php\/blick-in-den-zwischenraum\/#primaryimage","url":"https:\/\/zwischenraum-rheydt.de\/wp-content\/uploads\/2020\/01\/Gro\u00dferRaumDSC05985_1200-2.png","contentUrl":"https:\/\/zwischenraum-rheydt.de\/wp-content\/uploads\/2020\/01\/Gro\u00dferRaumDSC05985_1200-2.png","width":1200,"height":900},{"@type":"WebPage","@id":"https:\/\/zwischenraum-rheydt.de\/index.php\/blick-in-den-zwischenraum\/","url":"https:\/\/zwischenraum-rheydt.de\/index.php\/blick-in-den-zwischenraum\/","name":"Impressionen aus dem ZWISCHENRAUM - Zwischenraum Rheydt","isPartOf":{"@id":"https:\/\/zwischenraum-rheydt.de\/#website"},"primaryImageOfPage":{"@id":"https:\/\/zwischenraum-rheydt.de\/index.php\/blick-in-den-zwischenraum\/#primaryimage"},"datePublished":"2020-01-27T15:53:33+00:00","dateModified":"2020-08-23T11:18:36+00:00","description":"Mietbare Pl\u00e4tze, Fl\u00e4chen und R\u00e4ume mit Ambiente - Kunst und Kultur wird greifbar - Arbeit, Kunst und Soziales kommunizieren - Begegnung der Generationen","breadcrumb":{"@id":"https:\/\/zwischenraum-rheydt.de\/index.php\/blick-in-den-zwischenraum\/#breadcrumb"},"inLanguage":"de","potentialAction":[{"@type":"ReadAction","target":["https:\/\/zwischenraum-rheydt.de\/index.php\/blick-in-den-zwischenraum\/"]}]},{"@type":"BreadcrumbList","@id":"https:\/\/zwischenraum-rheydt.de\/index.php\/blick-in-den-zwischenraum\/#breadcrumb","itemListElement":[{"@type":"ListItem","position":1,"name":"Startseite","item":"https:\/\/zwischenraum-rheydt.de\/"},{"@type":"ListItem","position":2,"name":"Impressionen aus dem ZWISCHENRAUM"}]}]}},"_links":{"self":[{"href":"https:\/\/zwischenraum-rheydt.de\/index.php\/wp-json\/wp\/v2\/pages\/136"}],"collection":[{"href":"https:\/\/zwischenraum-rheydt.de\/index.php\/wp-json\/wp\/v2\/pages"}],"about":[{"href":"https:\/\/zwischenraum-rheydt.de\/index.php\/wp-json\/wp\/v2\/types\/page"}],"author":[{"embeddable":true,"href":"https:\/\/zwischenraum-rheydt.de\/index.php\/wp-json\/wp\/v2\/users\/1"}],"replies":[{"embeddable":true,"href":"https:\/\/zwischenraum-rheydt.de\/index.php\/wp-json\/wp\/v2\/comments?post=136"}],"version-history":[{"count":11,"href":"https:\/\/zwischenraum-rheydt.de\/index.php\/wp-json\/wp\/v2\/pages\/136\/revisions"}],"predecessor-version":[{"id":766,"href":"https:\/\/zwischenraum-rheydt.de\/index.php\/wp-json\/wp\/v2\/pages\/136\/revisions\/766"}],"wp:featuredmedia":[{"embeddable":true,"href":"https:\/\/zwischenraum-rheydt.de\/index.php\/wp-json\/wp\/v2\/media\/138"}],"wp:attachment":[{"href":"https:\/\/zwischenraum-rheydt.de\/index.php\/wp-json\/wp\/v2\/media?parent=136"}],"curies":[{"name":"wp","href":"https:\/\/api.w.org\/{rel}","templated":true}]}}