{"id":400,"date":"2020-02-11T09:48:24","date_gmt":"2020-02-11T09:48:24","guid":{"rendered":"https:\/\/zwischenraum-rheydt.de\/?page_id=400"},"modified":"2020-03-27T15:57:50","modified_gmt":"2020-03-27T15:57:50","slug":"kunst","status":"publish","type":"page","link":"https:\/\/zwischenraum-rheydt.de\/index.php\/test\/kunst\/","title":{"rendered":"KUNST"},"content":{"rendered":"\n<ul><li>Verkauf &amp; Vermittlung von Kunstwerken<\/li><li>Vermietung von Ausstellungs- und Pr\u00e4sentationsfl\u00e4chen<\/li><li>Werbe-Unterst\u00fctzung f\u00fcr K\u00fcnstler (Print-Medien \/ Web-Medien)<\/li><li>Kunst-Workshops<\/li><li>Networking<\/li><\/ul>\n\n\n\n<h2>Zu unserem Kunstpartner- Netzwerk geh\u00f6ren u.a.<\/h2>\n\n\n\n<ul><li>Benedict A. Johnson<\/li><li><a href=\"https:\/\/zwischenraum-rheydt.de\/index.php\/elgin-heisig\/\">Elgin Heisig<\/a><\/li><li>Werner Albrecht<\/li><li>Edmund Zemanek<\/li><li><a href=\"https:\/\/zwischenraum-rheydt.de\/index.php\/margerete-meertz\/\">Margarete Meertz<\/a><\/li><li>Julien Kempkens<\/li><li>Jara Stehlikova<\/li><li>W.A.S.<\/li><li>Ulla Stra\u00dfburger<\/li><li>Rainer K\u00e4smacher (+ 2019)<\/li><li>&#8230; u.v.m.<\/li><\/ul>\n\n\n\n<figure class=\"wp-container-2 wp-block-gallery-1 wp-block-gallery columns-3 is-cropped\"><ul class=\"blocks-gallery-grid\"><li class=\"blocks-gallery-item\"><figure><img loading=\"lazy\" width=\"847\" height=\"1024\" src=\"https:\/\/zwischenraum-rheydt.de\/wp-content\/uploads\/2020\/02\/DSC06297-847x1024.png\" alt=\"\" data-id=\"431\" data-link=\"https:\/\/zwischenraum-rheydt.de\/index.php\/kunst\/dsc06297\/#main\" class=\"wp-image-431\" srcset=\"https:\/\/zwischenraum-rheydt.de\/wp-content\/uploads\/2020\/02\/DSC06297-847x1024.png 847w, https:\/\/zwischenraum-rheydt.de\/wp-content\/uploads\/2020\/02\/DSC06297-248x300.png 248w, https:\/\/zwischenraum-rheydt.de\/wp-content\/uploads\/2020\/02\/DSC06297-768x929.png 768w, https:\/\/zwischenraum-rheydt.de\/wp-content\/uploads\/2020\/02\/DSC06297.png 992w\" sizes=\"(max-width: 847px) 100vw, 847px\" \/><\/figure><\/li><li class=\"blocks-gallery-item\"><figure><img loading=\"lazy\" width=\"768\" height=\"1024\" src=\"https:\/\/zwischenraum-rheydt.de\/wp-content\/uploads\/2020\/02\/DSC06312-768x1024.png\" alt=\"\" data-id=\"432\" data-link=\"https:\/\/zwischenraum-rheydt.de\/index.php\/kunst\/dsc06312-2\/#main\" class=\"wp-image-432\" srcset=\"https:\/\/zwischenraum-rheydt.de\/wp-content\/uploads\/2020\/02\/DSC06312-768x1024.png 768w, https:\/\/zwischenraum-rheydt.de\/wp-content\/uploads\/2020\/02\/DSC06312-225x300.png 225w, https:\/\/zwischenraum-rheydt.de\/wp-content\/uploads\/2020\/02\/DSC06312.png 900w\" sizes=\"(max-width: 768px) 100vw, 768px\" \/><\/figure><\/li><li class=\"blocks-gallery-item\"><figure><img loading=\"lazy\" width=\"643\" height=\"858\" src=\"https:\/\/zwischenraum-rheydt.de\/wp-content\/uploads\/2020\/02\/Jara-snip-musterbil-1.png\" alt=\"\" data-id=\"433\" data-link=\"https:\/\/zwischenraum-rheydt.de\/index.php\/kunst\/jara-snip-musterbil-1\/#main\" class=\"wp-image-433\" srcset=\"https:\/\/zwischenraum-rheydt.de\/wp-content\/uploads\/2020\/02\/Jara-snip-musterbil-1.png 643w, https:\/\/zwischenraum-rheydt.de\/wp-content\/uploads\/2020\/02\/Jara-snip-musterbil-1-225x300.png 225w\" sizes=\"(max-width: 643px) 100vw, 643px\" \/><\/figure><\/li><li class=\"blocks-gallery-item\"><figure><img loading=\"lazy\" width=\"811\" height=\"1024\" src=\"https:\/\/zwischenraum-rheydt.de\/wp-content\/uploads\/2020\/02\/blauequadrateben-811x1024.jpg\" alt=\"\" data-id=\"435\" data-link=\"https:\/\/zwischenraum-rheydt.de\/index.php\/kunst\/blauequadrateben\/#main\" class=\"wp-image-435\" srcset=\"https:\/\/zwischenraum-rheydt.de\/wp-content\/uploads\/2020\/02\/blauequadrateben-811x1024.jpg 811w, https:\/\/zwischenraum-rheydt.de\/wp-content\/uploads\/2020\/02\/blauequadrateben-238x300.jpg 238w, https:\/\/zwischenraum-rheydt.de\/wp-content\/uploads\/2020\/02\/blauequadrateben-768x970.jpg 768w, https:\/\/zwischenraum-rheydt.de\/wp-content\/uploads\/2020\/02\/blauequadrateben.jpg 905w\" sizes=\"(max-width: 811px) 100vw, 811px\" \/><\/figure><\/li><li class=\"blocks-gallery-item\"><figure><img loading=\"lazy\" width=\"736\" height=\"1024\" src=\"https:\/\/zwischenraum-rheydt.de\/wp-content\/uploads\/2020\/02\/edikopf-736x1024.jpg\" alt=\"\" data-id=\"436\" data-full-url=\"https:\/\/zwischenraum-rheydt.de\/wp-content\/uploads\/2020\/02\/edikopf.jpg\" data-link=\"https:\/\/zwischenraum-rheydt.de\/index.php\/kunst\/edikopf\/#main\" class=\"wp-image-436\" srcset=\"https:\/\/zwischenraum-rheydt.de\/wp-content\/uploads\/2020\/02\/edikopf-736x1024.jpg 736w, https:\/\/zwischenraum-rheydt.de\/wp-content\/uploads\/2020\/02\/edikopf-216x300.jpg 216w, https:\/\/zwischenraum-rheydt.de\/wp-content\/uploads\/2020\/02\/edikopf-768x1068.jpg 768w, https:\/\/zwischenraum-rheydt.de\/wp-content\/uploads\/2020\/02\/edikopf.jpg 982w\" sizes=\"(max-width: 736px) 100vw, 736px\" \/><\/figure><\/li><\/ul><figcaption class=\"blocks-gallery-caption\">Die au\u00dfergew\u00f6hnliche Vielfalt pr\u00e4sentierter und angebotener Werke lokaler K\u00fcnstler erfreut unsere Besucher und bereichert das Stadtbild<\/figcaption><\/figure>\n","protected":false},"excerpt":{"rendered":"<p>Verkauf &amp; Vermittlung von Kunstwerken Vermietung von Ausstellungs- und Pr\u00e4sentationsfl\u00e4chen Werbe-Unterst\u00fctzung f\u00fcr K\u00fcnstler (Print-Medien \/ Web-Medien) Kunst-Workshops Networking Zu unserem Kunstpartner- Netzwerk geh\u00f6ren u.a. Benedict A. Johnson Elgin Heisig Werner Albrecht Edmund Zemanek Margarete Meertz Julien Kempkens Jara Stehlikova W.A.S.&hellip; <a href=\"https:\/\/zwischenraum-rheydt.de\/index.php\/test\/kunst\/\" class=\"more-link\">Weiterlesen <span class=\"meta-nav\">&rarr;<\/span><\/a><\/p>\n","protected":false},"author":1,"featured_media":0,"parent":9,"menu_order":0,"comment_status":"closed","ping_status":"closed","template":"","meta":[],"yoast_head":"<!-- This site is optimized with the Yoast SEO plugin v19.3 - https:\/\/yoast.com\/wordpress\/plugins\/seo\/ -->\n<title>KUNST - Zwischenraum Rheydt<\/title>\n<meta name=\"robots\" content=\"index, follow, max-snippet:-1, max-image-preview:large, max-video-preview:-1\" \/>\n<link rel=\"canonical\" href=\"https:\/\/zwischenraum-rheydt.de\/index.php\/test\/kunst\/\" \/>\n<meta property=\"og:locale\" content=\"de_DE\" \/>\n<meta property=\"og:type\" content=\"article\" \/>\n<meta property=\"og:title\" content=\"KUNST - Zwischenraum Rheydt\" \/>\n<meta property=\"og:description\" content=\"Verkauf &amp; Vermittlung von Kunstwerken Vermietung von Ausstellungs- und Pr\u00e4sentationsfl\u00e4chen Werbe-Unterst\u00fctzung f\u00fcr K\u00fcnstler (Print-Medien \/ Web-Medien) Kunst-Workshops Networking Zu unserem Kunstpartner- Netzwerk geh\u00f6ren u.a. Benedict A. Johnson Elgin Heisig Werner Albrecht Edmund Zemanek Margarete Meertz Julien Kempkens Jara Stehlikova W.A.S.&hellip; Weiterlesen &rarr;\" \/>\n<meta property=\"og:url\" content=\"https:\/\/zwischenraum-rheydt.de\/index.php\/test\/kunst\/\" \/>\n<meta property=\"og:site_name\" content=\"Zwischenraum Rheydt\" \/>\n<meta property=\"article:modified_time\" content=\"2020-03-27T15:57:50+00:00\" \/>\n<meta property=\"og:image\" content=\"https:\/\/zwischenraum-rheydt.de\/wp-content\/uploads\/2020\/02\/DSC06297-847x1024.png\" \/>\n<meta name=\"twitter:card\" content=\"summary_large_image\" \/>\n<script type=\"application\/ld+json\" class=\"yoast-schema-graph\">{\"@context\":\"https:\/\/schema.org\",\"@graph\":[{\"@type\":\"Organization\",\"@id\":\"https:\/\/zwischenraum-rheydt.de\/#organization\",\"name\":\"matchingGenerations GmbH & Co. KG\",\"url\":\"https:\/\/zwischenraum-rheydt.de\/\",\"sameAs\":[],\"logo\":{\"@type\":\"ImageObject\",\"inLanguage\":\"de\",\"@id\":\"https:\/\/zwischenraum-rheydt.de\/#\/schema\/logo\/image\/\",\"url\":\"https:\/\/zwischenraum-rheydt.de\/wp-content\/uploads\/2020\/01\/logo-zr-neu.png\",\"contentUrl\":\"https:\/\/zwischenraum-rheydt.de\/wp-content\/uploads\/2020\/01\/logo-zr-neu.png\",\"width\":975,\"height\":319,\"caption\":\"matchingGenerations GmbH & Co. KG\"},\"image\":{\"@id\":\"https:\/\/zwischenraum-rheydt.de\/#\/schema\/logo\/image\/\"}},{\"@type\":\"WebSite\",\"@id\":\"https:\/\/zwischenraum-rheydt.de\/#website\",\"url\":\"https:\/\/zwischenraum-rheydt.de\/\",\"name\":\"Zwischenraum Rheydt\",\"description\":\"\",\"publisher\":{\"@id\":\"https:\/\/zwischenraum-rheydt.de\/#organization\"},\"potentialAction\":[{\"@type\":\"SearchAction\",\"target\":{\"@type\":\"EntryPoint\",\"urlTemplate\":\"https:\/\/zwischenraum-rheydt.de\/?s={search_term_string}\"},\"query-input\":\"required name=search_term_string\"}],\"inLanguage\":\"de\"},{\"@type\":\"ImageObject\",\"inLanguage\":\"de\",\"@id\":\"https:\/\/zwischenraum-rheydt.de\/index.php\/test\/kunst\/#primaryimage\",\"url\":\"https:\/\/zwischenraum-rheydt.de\/wp-content\/uploads\/2020\/02\/DSC06297.png\",\"contentUrl\":\"https:\/\/zwischenraum-rheydt.de\/wp-content\/uploads\/2020\/02\/DSC06297.png\",\"width\":992,\"height\":1200},{\"@type\":\"WebPage\",\"@id\":\"https:\/\/zwischenraum-rheydt.de\/index.php\/test\/kunst\/\",\"url\":\"https:\/\/zwischenraum-rheydt.de\/index.php\/test\/kunst\/\",\"name\":\"KUNST - Zwischenraum Rheydt\",\"isPartOf\":{\"@id\":\"https:\/\/zwischenraum-rheydt.de\/#website\"},\"primaryImageOfPage\":{\"@id\":\"https:\/\/zwischenraum-rheydt.de\/index.php\/test\/kunst\/#primaryimage\"},\"datePublished\":\"2020-02-11T09:48:24+00:00\",\"dateModified\":\"2020-03-27T15:57:50+00:00\",\"breadcrumb\":{\"@id\":\"https:\/\/zwischenraum-rheydt.de\/index.php\/test\/kunst\/#breadcrumb\"},\"inLanguage\":\"de\",\"potentialAction\":[{\"@type\":\"ReadAction\",\"target\":[\"https:\/\/zwischenraum-rheydt.de\/index.php\/test\/kunst\/\"]}]},{\"@type\":\"BreadcrumbList\",\"@id\":\"https:\/\/zwischenraum-rheydt.de\/index.php\/test\/kunst\/#breadcrumb\",\"itemListElement\":[{\"@type\":\"ListItem\",\"position\":1,\"name\":\"Startseite\",\"item\":\"https:\/\/zwischenraum-rheydt.de\/\"},{\"@type\":\"ListItem\",\"position\":2,\"name\":\"Portfolio\",\"item\":\"https:\/\/zwischenraum-rheydt.de\/index.php\/test\/\"},{\"@type\":\"ListItem\",\"position\":3,\"name\":\"KUNST\"}]}]}<\/script>\n<!-- \/ Yoast SEO plugin. -->","yoast_head_json":{"title":"KUNST - Zwischenraum Rheydt","robots":{"index":"index","follow":"follow","max-snippet":"max-snippet:-1","max-image-preview":"max-image-preview:large","max-video-preview":"max-video-preview:-1"},"canonical":"https:\/\/zwischenraum-rheydt.de\/index.php\/test\/kunst\/","og_locale":"de_DE","og_type":"article","og_title":"KUNST - Zwischenraum Rheydt","og_description":"Verkauf &amp; Vermittlung von Kunstwerken Vermietung von Ausstellungs- und Pr\u00e4sentationsfl\u00e4chen Werbe-Unterst\u00fctzung f\u00fcr K\u00fcnstler (Print-Medien \/ Web-Medien) Kunst-Workshops Networking Zu unserem Kunstpartner- Netzwerk geh\u00f6ren u.a. Benedict A. Johnson Elgin Heisig Werner Albrecht Edmund Zemanek Margarete Meertz Julien Kempkens Jara Stehlikova W.A.S.&hellip; Weiterlesen &rarr;","og_url":"https:\/\/zwischenraum-rheydt.de\/index.php\/test\/kunst\/","og_site_name":"Zwischenraum Rheydt","article_modified_time":"2020-03-27T15:57:50+00:00","og_image":[{"url":"https:\/\/zwischenraum-rheydt.de\/wp-content\/uploads\/2020\/02\/DSC06297-847x1024.png"}],"twitter_card":"summary_large_image","schema":{"@context":"https:\/\/schema.org","@graph":[{"@type":"Organization","@id":"https:\/\/zwischenraum-rheydt.de\/#organization","name":"matchingGenerations GmbH & Co. KG","url":"https:\/\/zwischenraum-rheydt.de\/","sameAs":[],"logo":{"@type":"ImageObject","inLanguage":"de","@id":"https:\/\/zwischenraum-rheydt.de\/#\/schema\/logo\/image\/","url":"https:\/\/zwischenraum-rheydt.de\/wp-content\/uploads\/2020\/01\/logo-zr-neu.png","contentUrl":"https:\/\/zwischenraum-rheydt.de\/wp-content\/uploads\/2020\/01\/logo-zr-neu.png","width":975,"height":319,"caption":"matchingGenerations GmbH & Co. KG"},"image":{"@id":"https:\/\/zwischenraum-rheydt.de\/#\/schema\/logo\/image\/"}},{"@type":"WebSite","@id":"https:\/\/zwischenraum-rheydt.de\/#website","url":"https:\/\/zwischenraum-rheydt.de\/","name":"Zwischenraum Rheydt","description":"","publisher":{"@id":"https:\/\/zwischenraum-rheydt.de\/#organization"},"potentialAction":[{"@type":"SearchAction","target":{"@type":"EntryPoint","urlTemplate":"https:\/\/zwischenraum-rheydt.de\/?s={search_term_string}"},"query-input":"required name=search_term_string"}],"inLanguage":"de"},{"@type":"ImageObject","inLanguage":"de","@id":"https:\/\/zwischenraum-rheydt.de\/index.php\/test\/kunst\/#primaryimage","url":"https:\/\/zwischenraum-rheydt.de\/wp-content\/uploads\/2020\/02\/DSC06297.png","contentUrl":"https:\/\/zwischenraum-rheydt.de\/wp-content\/uploads\/2020\/02\/DSC06297.png","width":992,"height":1200},{"@type":"WebPage","@id":"https:\/\/zwischenraum-rheydt.de\/index.php\/test\/kunst\/","url":"https:\/\/zwischenraum-rheydt.de\/index.php\/test\/kunst\/","name":"KUNST - Zwischenraum Rheydt","isPartOf":{"@id":"https:\/\/zwischenraum-rheydt.de\/#website"},"primaryImageOfPage":{"@id":"https:\/\/zwischenraum-rheydt.de\/index.php\/test\/kunst\/#primaryimage"},"datePublished":"2020-02-11T09:48:24+00:00","dateModified":"2020-03-27T15:57:50+00:00","breadcrumb":{"@id":"https:\/\/zwischenraum-rheydt.de\/index.php\/test\/kunst\/#breadcrumb"},"inLanguage":"de","potentialAction":[{"@type":"ReadAction","target":["https:\/\/zwischenraum-rheydt.de\/index.php\/test\/kunst\/"]}]},{"@type":"BreadcrumbList","@id":"https:\/\/zwischenraum-rheydt.de\/index.php\/test\/kunst\/#breadcrumb","itemListElement":[{"@type":"ListItem","position":1,"name":"Startseite","item":"https:\/\/zwischenraum-rheydt.de\/"},{"@type":"ListItem","position":2,"name":"Portfolio","item":"https:\/\/zwischenraum-rheydt.de\/index.php\/test\/"},{"@type":"ListItem","position":3,"name":"KUNST"}]}]}},"_links":{"self":[{"href":"https:\/\/zwischenraum-rheydt.de\/index.php\/wp-json\/wp\/v2\/pages\/400"}],"collection":[{"href":"https:\/\/zwischenraum-rheydt.de\/index.php\/wp-json\/wp\/v2\/pages"}],"about":[{"href":"https:\/\/zwischenraum-rheydt.de\/index.php\/wp-json\/wp\/v2\/types\/page"}],"author":[{"embeddable":true,"href":"https:\/\/zwischenraum-rheydt.de\/index.php\/wp-json\/wp\/v2\/users\/1"}],"replies":[{"embeddable":true,"href":"https:\/\/zwischenraum-rheydt.de\/index.php\/wp-json\/wp\/v2\/comments?post=400"}],"version-history":[{"count":11,"href":"https:\/\/zwischenraum-rheydt.de\/index.php\/wp-json\/wp\/v2\/pages\/400\/revisions"}],"predecessor-version":[{"id":901,"href":"https:\/\/zwischenraum-rheydt.de\/index.php\/wp-json\/wp\/v2\/pages\/400\/revisions\/901"}],"up":[{"embeddable":true,"href":"https:\/\/zwischenraum-rheydt.de\/index.php\/wp-json\/wp\/v2\/pages\/9"}],"wp:attachment":[{"href":"https:\/\/zwischenraum-rheydt.de\/index.php\/wp-json\/wp\/v2\/media?parent=400"}],"curies":[{"name":"wp","href":"https:\/\/api.w.org\/{rel}","templated":true}]}}