{"id":548,"date":"2020-03-19T09:20:25","date_gmt":"2020-03-19T09:20:25","guid":{"rendered":"https:\/\/zwischenraum-rheydt.de\/?page_id=548"},"modified":"2020-03-28T13:10:11","modified_gmt":"2020-03-28T13:10:11","slug":"elgin-heisig","status":"publish","type":"page","link":"https:\/\/zwischenraum-rheydt.de\/index.php\/elgin-heisig\/","title":{"rendered":"Elgin Heisig"},"content":{"rendered":"\n<p><strong>Nordische Impressionen und mehr &#8230;<\/strong><\/p>\n\n\n\n<p><\/p>\n\n\n\n<p><\/p>\n\n\n\n<figure class=\"wp-block-image size-large\"><img loading=\"lazy\" width=\"800\" height=\"400\" src=\"https:\/\/zwischenraum-rheydt.de\/wp-content\/uploads\/2020\/03\/Elgin0.png\" alt=\"\" class=\"wp-image-549\" srcset=\"https:\/\/zwischenraum-rheydt.de\/wp-content\/uploads\/2020\/03\/Elgin0.png 800w, https:\/\/zwischenraum-rheydt.de\/wp-content\/uploads\/2020\/03\/Elgin0-300x150.png 300w, https:\/\/zwischenraum-rheydt.de\/wp-content\/uploads\/2020\/03\/Elgin0-768x384.png 768w\" sizes=\"(max-width: 800px) 100vw, 800px\" \/><figcaption>Unsere aktuelle Empfehlung: <br>Collage FLYHOLM, 2020,  Acryl mit Treibholz und Sand auf Leinwand, 100 x 50 cm, 350 \u20ac<\/figcaption><\/figure>\n\n\n\n<p><\/p>\n\n\n\n<hr class=\"wp-block-separator\"\/>\n\n\n\n<p><\/p>\n\n\n\n<p><strong>\u00dcber die K\u00fcnstlerin: <\/strong><\/p>\n\n\n\n<p>Elgin Heisig ist eine Malerin, die mit ihren \u201eNordischen Impressionen\u201c und ihrem von Heinrich Heine entliehenen Zitat \u201eIch liebe das Meer wie meine Seele &#8230;\u201c die Herzen der Menschen ber\u00fchrt. <\/p>\n\n\n\n<p>Ihre Verbundenheit\nmit der Natur inspiriert die K\u00fcnstlerin nun schon seit \u00fcber 20 Jahren zur\nimpressionistischen Umsetzung der Farbe in Landschaften und florale Motive.\nAuch ihre Liebe zu Strand und Meer begleitet sie schon ein Leben lang. <\/p>\n\n\n\n<p>Vor mehr als 30 Jahren entdeckte die K\u00fcnstlerin f\u00fcr sich die Malerei und begann ihre Laufbahn als Autodidaktin. Es folgten Weiterbildung in Freihandzeichnen und Malerei bei der Atelierschule Strunk-Hilgers, eine mehrw\u00f6chige Fortbildung bei den Kunstmalern A. Tillmanns und M. Ropertz sowie der Workshop \u201eOstfriesische Sommer-Akademie\u201d, Norden.<\/p>\n\n\n\n<p>Schon 1988 konnte Elgin Heisig sich als Gr\u00fcndungsmitglied der K\u00fcnstlervereinigung &#8222;Spektrum 88&#8220; \u00fcber erste erfolgreiche Ausstellungen freuen und es folgten noch viele weitere. Einige Beispiele sind die Ausstellungen &#8222;60 Jahre VHS in NRW&#8220; in M\u00f6nchengladbach, 20 Jahre &#8222;Spektrum 88&#8220;, Ausstellungen im Sandbauernhof\/Liedberg, in &nbsp;Marienhafe\/Ostfriesland, Horn\/Roermond, Kaarst, Krefeld, Verviers\/Belgien, in M\u00f6nchengladbach im Nassauer Stall Wickrath oder die bisher letzte eigene Ausstellung in der Schriefersm\u00fchle Wegberg.<\/p>\n\n\n\n<p>Die Freude an der Malerei, ihre Liebe zur Natur und ihr unverkennbarer Stil spiegeln sich in ihren Bildern und Collagen, geschaffen aus&nbsp; verschiedensten Materialien wider. <\/p>\n\n\n\n<p>Gerne vermitteln wir auch ein pers\u00f6nliches Zusammentreffen\nmit Elgin Heisig im ZWISCHENRAUM um mehr \u00fcber die \u201eGeschichte hinter ihren Werken\u201c\nund ihre neuesten Schaffens-Ideen zu erfahren.<\/p>\n\n\n\n<p><\/p>\n\n\n\n<hr class=\"wp-block-separator\"\/>\n\n\n\n<p><\/p>\n\n\n\n<p><strong>Beispielhafte Werke<\/strong><\/p>\n\n\n\n<p>Liebe Interessenten: Kaufangebote* mit Angabe des K\u00fcnstlers und des jeweiligen Bildtitels bitte per Mail an uns als Vermittler richten: <\/p>\n\n\n\n<p><strong>kontakt@matchingGenerations.de<\/strong> <\/p>\n\n\n\n<p><\/p>\n\n\n\n<hr class=\"wp-block-separator\"\/>\n\n\n\n<p><\/p>\n\n\n\n<figure class=\"wp-container-2 wp-block-gallery-1 wp-block-gallery columns-2\"><ul class=\"blocks-gallery-grid\"><li class=\"blocks-gallery-item\"><figure><img loading=\"lazy\" width=\"434\" height=\"519\" src=\"https:\/\/zwischenraum-rheydt.de\/wp-content\/uploads\/2020\/03\/Elgin2_1.jpg\" alt=\"\" data-id=\"563\" data-link=\"https:\/\/zwischenraum-rheydt.de\/index.php\/elgin-heisig\/elgin2_1\/#main\" class=\"wp-image-563\" srcset=\"https:\/\/zwischenraum-rheydt.de\/wp-content\/uploads\/2020\/03\/Elgin2_1.jpg 434w, https:\/\/zwischenraum-rheydt.de\/wp-content\/uploads\/2020\/03\/Elgin2_1-251x300.jpg 251w\" sizes=\"(max-width: 434px) 100vw, 434px\" \/><\/figure><\/li><li class=\"blocks-gallery-item\"><figure><img loading=\"lazy\" width=\"490\" height=\"414\" src=\"https:\/\/zwischenraum-rheydt.de\/wp-content\/uploads\/2020\/03\/Elgin2_2.jpg\" alt=\"\" data-id=\"564\" data-full-url=\"https:\/\/zwischenraum-rheydt.de\/wp-content\/uploads\/2020\/03\/Elgin2_2.jpg\" data-link=\"https:\/\/zwischenraum-rheydt.de\/index.php\/elgin-heisig\/elgin2_2\/#main\" class=\"wp-image-564\" srcset=\"https:\/\/zwischenraum-rheydt.de\/wp-content\/uploads\/2020\/03\/Elgin2_2.jpg 490w, https:\/\/zwischenraum-rheydt.de\/wp-content\/uploads\/2020\/03\/Elgin2_2-300x253.jpg 300w\" sizes=\"(max-width: 490px) 100vw, 490px\" \/><\/figure><\/li><\/ul><figcaption class=\"blocks-gallery-caption\">Original-Gem\u00e4lde LICHTUNG und WEITBLICK, 2012,  Acryl , gerahmt, 80 cm x 60 cm, je 280 \u20ac<\/figcaption><\/figure>\n\n\n\n<hr class=\"wp-block-separator is-style-default\"\/>\n\n\n\n<figure class=\"wp-container-4 wp-block-gallery-3 wp-block-gallery columns-2 is-cropped\"><ul class=\"blocks-gallery-grid\"><li class=\"blocks-gallery-item\"><figure><img loading=\"lazy\" width=\"299\" height=\"300\" src=\"https:\/\/zwischenraum-rheydt.de\/wp-content\/uploads\/2020\/03\/das-meer-e.jpeg\" alt=\"\" data-id=\"569\" data-link=\"https:\/\/zwischenraum-rheydt.de\/index.php\/elgin-heisig\/das-meer-e\/#main\" class=\"wp-image-569\" srcset=\"https:\/\/zwischenraum-rheydt.de\/wp-content\/uploads\/2020\/03\/das-meer-e.jpeg 299w, https:\/\/zwischenraum-rheydt.de\/wp-content\/uploads\/2020\/03\/das-meer-e-150x150.jpeg 150w, https:\/\/zwischenraum-rheydt.de\/wp-content\/uploads\/2020\/03\/das-meer-e-50x50.jpeg 50w\" sizes=\"(max-width: 299px) 100vw, 299px\" \/><\/figure><\/li><li class=\"blocks-gallery-item\"><figure><img loading=\"lazy\" width=\"300\" height=\"300\" src=\"https:\/\/zwischenraum-rheydt.de\/wp-content\/uploads\/2020\/03\/das-meer-f.jpeg\" alt=\"\" data-id=\"570\" data-full-url=\"https:\/\/zwischenraum-rheydt.de\/wp-content\/uploads\/2020\/03\/das-meer-f.jpeg\" data-link=\"https:\/\/zwischenraum-rheydt.de\/index.php\/elgin-heisig\/das-meer-f\/#main\" class=\"wp-image-570\" srcset=\"https:\/\/zwischenraum-rheydt.de\/wp-content\/uploads\/2020\/03\/das-meer-f.jpeg 300w, https:\/\/zwischenraum-rheydt.de\/wp-content\/uploads\/2020\/03\/das-meer-f-150x150.jpeg 150w, https:\/\/zwischenraum-rheydt.de\/wp-content\/uploads\/2020\/03\/das-meer-f-50x50.jpeg 50w\" sizes=\"(max-width: 300px) 100vw, 300px\" \/><\/figure><\/li><\/ul><figcaption class=\"blocks-gallery-caption\"> Original-Gem\u00e4lde DAS MEER, Jahr 2014, 40 cm x 50 cm, Acryl auf Leinwand, je 180 \u20ac <\/figcaption><\/figure>\n\n\n\n<hr class=\"wp-block-separator\"\/>\n\n\n\n<p class=\"has-text-align-left\">Auch weitere Werke k\u00f6nnen vermittelt werden &#8230; sprecht uns bitte an!<\/p>\n\n\n\n<hr class=\"wp-block-separator\"\/>\n\n\n\n<p><strong>Wichtiger Hinweis<\/strong><\/p>\n\n\n\n<p>*Alle von uns auf dieser Seite f\u00fcr die Werke genannten Euro-Betr\u00e4ge sind Orientierungswerte f\u00fcr faire Angebote an den K\u00fcnstler. \u00dcber die Annahme eines Kaufangebotes entscheidet der K\u00fcnstler. Ein Anrecht auf den Erwerb des Werkes zu den genannten Orientierungswerten hat der Kaufinteressent nicht.<\/p>\n","protected":false},"excerpt":{"rendered":"<p>Nordische Impressionen und mehr &#8230; \u00dcber die K\u00fcnstlerin: Elgin Heisig ist eine Malerin, die mit ihren \u201eNordischen Impressionen\u201c und ihrem von Heinrich Heine entliehenen Zitat \u201eIch liebe das Meer wie meine Seele &#8230;\u201c die Herzen der Menschen ber\u00fchrt. Ihre Verbundenheit&hellip; <a href=\"https:\/\/zwischenraum-rheydt.de\/index.php\/elgin-heisig\/\" class=\"more-link\">Weiterlesen <span class=\"meta-nav\">&rarr;<\/span><\/a><\/p>\n","protected":false},"author":1,"featured_media":0,"parent":0,"menu_order":0,"comment_status":"closed","ping_status":"closed","template":"","meta":[],"yoast_head":"<!-- This site is optimized with the Yoast SEO plugin v19.3 - https:\/\/yoast.com\/wordpress\/plugins\/seo\/ -->\n<title>Elgin Heisig - Zwischenraum Rheydt<\/title>\n<meta name=\"robots\" content=\"index, follow, max-snippet:-1, max-image-preview:large, max-video-preview:-1\" \/>\n<link rel=\"canonical\" href=\"https:\/\/zwischenraum-rheydt.de\/index.php\/elgin-heisig\/\" \/>\n<meta property=\"og:locale\" content=\"de_DE\" \/>\n<meta property=\"og:type\" content=\"article\" \/>\n<meta property=\"og:title\" content=\"Elgin Heisig - Zwischenraum Rheydt\" \/>\n<meta property=\"og:description\" content=\"Nordische Impressionen und mehr &#8230; \u00dcber die K\u00fcnstlerin: Elgin Heisig ist eine Malerin, die mit ihren \u201eNordischen Impressionen\u201c und ihrem von Heinrich Heine entliehenen Zitat \u201eIch liebe das Meer wie meine Seele &#8230;\u201c die Herzen der Menschen ber\u00fchrt. Ihre Verbundenheit&hellip; Weiterlesen &rarr;\" \/>\n<meta property=\"og:url\" content=\"https:\/\/zwischenraum-rheydt.de\/index.php\/elgin-heisig\/\" \/>\n<meta property=\"og:site_name\" content=\"Zwischenraum Rheydt\" \/>\n<meta property=\"article:modified_time\" content=\"2020-03-28T13:10:11+00:00\" \/>\n<meta property=\"og:image\" content=\"https:\/\/zwischenraum-rheydt.de\/wp-content\/uploads\/2020\/03\/Elgin0.png\" \/>\n<meta name=\"twitter:card\" content=\"summary_large_image\" \/>\n<meta name=\"twitter:label1\" content=\"Gesch\u00e4tzte Lesezeit\" \/>\n\t<meta name=\"twitter:data1\" content=\"2\u00a0Minuten\" \/>\n<script type=\"application\/ld+json\" class=\"yoast-schema-graph\">{\"@context\":\"https:\/\/schema.org\",\"@graph\":[{\"@type\":\"Organization\",\"@id\":\"https:\/\/zwischenraum-rheydt.de\/#organization\",\"name\":\"matchingGenerations GmbH & Co. KG\",\"url\":\"https:\/\/zwischenraum-rheydt.de\/\",\"sameAs\":[],\"logo\":{\"@type\":\"ImageObject\",\"inLanguage\":\"de\",\"@id\":\"https:\/\/zwischenraum-rheydt.de\/#\/schema\/logo\/image\/\",\"url\":\"https:\/\/zwischenraum-rheydt.de\/wp-content\/uploads\/2020\/01\/logo-zr-neu.png\",\"contentUrl\":\"https:\/\/zwischenraum-rheydt.de\/wp-content\/uploads\/2020\/01\/logo-zr-neu.png\",\"width\":975,\"height\":319,\"caption\":\"matchingGenerations GmbH & Co. KG\"},\"image\":{\"@id\":\"https:\/\/zwischenraum-rheydt.de\/#\/schema\/logo\/image\/\"}},{\"@type\":\"WebSite\",\"@id\":\"https:\/\/zwischenraum-rheydt.de\/#website\",\"url\":\"https:\/\/zwischenraum-rheydt.de\/\",\"name\":\"Zwischenraum Rheydt\",\"description\":\"\",\"publisher\":{\"@id\":\"https:\/\/zwischenraum-rheydt.de\/#organization\"},\"potentialAction\":[{\"@type\":\"SearchAction\",\"target\":{\"@type\":\"EntryPoint\",\"urlTemplate\":\"https:\/\/zwischenraum-rheydt.de\/?s={search_term_string}\"},\"query-input\":\"required name=search_term_string\"}],\"inLanguage\":\"de\"},{\"@type\":\"ImageObject\",\"inLanguage\":\"de\",\"@id\":\"https:\/\/zwischenraum-rheydt.de\/index.php\/elgin-heisig\/#primaryimage\",\"url\":\"https:\/\/zwischenraum-rheydt.de\/wp-content\/uploads\/2020\/03\/Elgin0.png\",\"contentUrl\":\"https:\/\/zwischenraum-rheydt.de\/wp-content\/uploads\/2020\/03\/Elgin0.png\",\"width\":800,\"height\":400},{\"@type\":\"WebPage\",\"@id\":\"https:\/\/zwischenraum-rheydt.de\/index.php\/elgin-heisig\/\",\"url\":\"https:\/\/zwischenraum-rheydt.de\/index.php\/elgin-heisig\/\",\"name\":\"Elgin Heisig - Zwischenraum Rheydt\",\"isPartOf\":{\"@id\":\"https:\/\/zwischenraum-rheydt.de\/#website\"},\"primaryImageOfPage\":{\"@id\":\"https:\/\/zwischenraum-rheydt.de\/index.php\/elgin-heisig\/#primaryimage\"},\"datePublished\":\"2020-03-19T09:20:25+00:00\",\"dateModified\":\"2020-03-28T13:10:11+00:00\",\"breadcrumb\":{\"@id\":\"https:\/\/zwischenraum-rheydt.de\/index.php\/elgin-heisig\/#breadcrumb\"},\"inLanguage\":\"de\",\"potentialAction\":[{\"@type\":\"ReadAction\",\"target\":[\"https:\/\/zwischenraum-rheydt.de\/index.php\/elgin-heisig\/\"]}]},{\"@type\":\"BreadcrumbList\",\"@id\":\"https:\/\/zwischenraum-rheydt.de\/index.php\/elgin-heisig\/#breadcrumb\",\"itemListElement\":[{\"@type\":\"ListItem\",\"position\":1,\"name\":\"Startseite\",\"item\":\"https:\/\/zwischenraum-rheydt.de\/\"},{\"@type\":\"ListItem\",\"position\":2,\"name\":\"Elgin Heisig\"}]}]}<\/script>\n<!-- \/ Yoast SEO plugin. -->","yoast_head_json":{"title":"Elgin Heisig - Zwischenraum Rheydt","robots":{"index":"index","follow":"follow","max-snippet":"max-snippet:-1","max-image-preview":"max-image-preview:large","max-video-preview":"max-video-preview:-1"},"canonical":"https:\/\/zwischenraum-rheydt.de\/index.php\/elgin-heisig\/","og_locale":"de_DE","og_type":"article","og_title":"Elgin Heisig - Zwischenraum Rheydt","og_description":"Nordische Impressionen und mehr &#8230; \u00dcber die K\u00fcnstlerin: Elgin Heisig ist eine Malerin, die mit ihren \u201eNordischen Impressionen\u201c und ihrem von Heinrich Heine entliehenen Zitat \u201eIch liebe das Meer wie meine Seele &#8230;\u201c die Herzen der Menschen ber\u00fchrt. Ihre Verbundenheit&hellip; Weiterlesen &rarr;","og_url":"https:\/\/zwischenraum-rheydt.de\/index.php\/elgin-heisig\/","og_site_name":"Zwischenraum Rheydt","article_modified_time":"2020-03-28T13:10:11+00:00","og_image":[{"url":"https:\/\/zwischenraum-rheydt.de\/wp-content\/uploads\/2020\/03\/Elgin0.png"}],"twitter_card":"summary_large_image","twitter_misc":{"Gesch\u00e4tzte Lesezeit":"2\u00a0Minuten"},"schema":{"@context":"https:\/\/schema.org","@graph":[{"@type":"Organization","@id":"https:\/\/zwischenraum-rheydt.de\/#organization","name":"matchingGenerations GmbH & Co. KG","url":"https:\/\/zwischenraum-rheydt.de\/","sameAs":[],"logo":{"@type":"ImageObject","inLanguage":"de","@id":"https:\/\/zwischenraum-rheydt.de\/#\/schema\/logo\/image\/","url":"https:\/\/zwischenraum-rheydt.de\/wp-content\/uploads\/2020\/01\/logo-zr-neu.png","contentUrl":"https:\/\/zwischenraum-rheydt.de\/wp-content\/uploads\/2020\/01\/logo-zr-neu.png","width":975,"height":319,"caption":"matchingGenerations GmbH & Co. KG"},"image":{"@id":"https:\/\/zwischenraum-rheydt.de\/#\/schema\/logo\/image\/"}},{"@type":"WebSite","@id":"https:\/\/zwischenraum-rheydt.de\/#website","url":"https:\/\/zwischenraum-rheydt.de\/","name":"Zwischenraum Rheydt","description":"","publisher":{"@id":"https:\/\/zwischenraum-rheydt.de\/#organization"},"potentialAction":[{"@type":"SearchAction","target":{"@type":"EntryPoint","urlTemplate":"https:\/\/zwischenraum-rheydt.de\/?s={search_term_string}"},"query-input":"required name=search_term_string"}],"inLanguage":"de"},{"@type":"ImageObject","inLanguage":"de","@id":"https:\/\/zwischenraum-rheydt.de\/index.php\/elgin-heisig\/#primaryimage","url":"https:\/\/zwischenraum-rheydt.de\/wp-content\/uploads\/2020\/03\/Elgin0.png","contentUrl":"https:\/\/zwischenraum-rheydt.de\/wp-content\/uploads\/2020\/03\/Elgin0.png","width":800,"height":400},{"@type":"WebPage","@id":"https:\/\/zwischenraum-rheydt.de\/index.php\/elgin-heisig\/","url":"https:\/\/zwischenraum-rheydt.de\/index.php\/elgin-heisig\/","name":"Elgin Heisig - Zwischenraum Rheydt","isPartOf":{"@id":"https:\/\/zwischenraum-rheydt.de\/#website"},"primaryImageOfPage":{"@id":"https:\/\/zwischenraum-rheydt.de\/index.php\/elgin-heisig\/#primaryimage"},"datePublished":"2020-03-19T09:20:25+00:00","dateModified":"2020-03-28T13:10:11+00:00","breadcrumb":{"@id":"https:\/\/zwischenraum-rheydt.de\/index.php\/elgin-heisig\/#breadcrumb"},"inLanguage":"de","potentialAction":[{"@type":"ReadAction","target":["https:\/\/zwischenraum-rheydt.de\/index.php\/elgin-heisig\/"]}]},{"@type":"BreadcrumbList","@id":"https:\/\/zwischenraum-rheydt.de\/index.php\/elgin-heisig\/#breadcrumb","itemListElement":[{"@type":"ListItem","position":1,"name":"Startseite","item":"https:\/\/zwischenraum-rheydt.de\/"},{"@type":"ListItem","position":2,"name":"Elgin Heisig"}]}]}},"_links":{"self":[{"href":"https:\/\/zwischenraum-rheydt.de\/index.php\/wp-json\/wp\/v2\/pages\/548"}],"collection":[{"href":"https:\/\/zwischenraum-rheydt.de\/index.php\/wp-json\/wp\/v2\/pages"}],"about":[{"href":"https:\/\/zwischenraum-rheydt.de\/index.php\/wp-json\/wp\/v2\/types\/page"}],"author":[{"embeddable":true,"href":"https:\/\/zwischenraum-rheydt.de\/index.php\/wp-json\/wp\/v2\/users\/1"}],"replies":[{"embeddable":true,"href":"https:\/\/zwischenraum-rheydt.de\/index.php\/wp-json\/wp\/v2\/comments?post=548"}],"version-history":[{"count":17,"href":"https:\/\/zwischenraum-rheydt.de\/index.php\/wp-json\/wp\/v2\/pages\/548\/revisions"}],"predecessor-version":[{"id":651,"href":"https:\/\/zwischenraum-rheydt.de\/index.php\/wp-json\/wp\/v2\/pages\/548\/revisions\/651"}],"wp:attachment":[{"href":"https:\/\/zwischenraum-rheydt.de\/index.php\/wp-json\/wp\/v2\/media?parent=548"}],"curies":[{"name":"wp","href":"https:\/\/api.w.org\/{rel}","templated":true}]}}