{"id":608,"date":"2020-03-26T18:48:56","date_gmt":"2020-03-26T18:48:56","guid":{"rendered":"https:\/\/zwischenraum-rheydt.de\/?page_id=608"},"modified":"2020-03-28T13:09:01","modified_gmt":"2020-03-28T13:09:01","slug":"margerete-meertz","status":"publish","type":"page","link":"https:\/\/zwischenraum-rheydt.de\/index.php\/margerete-meertz\/","title":{"rendered":"Margerete Meertz"},"content":{"rendered":"\n<p><strong>Meertzmalerei &#8230;<\/strong><\/p>\n\n\n\n<p><\/p>\n\n\n\n<figure class=\"wp-block-image size-large\"><img loading=\"lazy\" width=\"800\" height=\"785\" src=\"https:\/\/zwischenraum-rheydt.de\/wp-content\/uploads\/2020\/03\/meertz-beeren800.png\" alt=\"\" class=\"wp-image-612\" srcset=\"https:\/\/zwischenraum-rheydt.de\/wp-content\/uploads\/2020\/03\/meertz-beeren800.png 800w, https:\/\/zwischenraum-rheydt.de\/wp-content\/uploads\/2020\/03\/meertz-beeren800-300x294.png 300w, https:\/\/zwischenraum-rheydt.de\/wp-content\/uploads\/2020\/03\/meertz-beeren800-768x754.png 768w, https:\/\/zwischenraum-rheydt.de\/wp-content\/uploads\/2020\/03\/meertz-beeren800-50x50.png 50w\" sizes=\"(max-width: 800px) 100vw, 800px\" \/><figcaption> Unsere aktuelle Empfehlung: <br>Beeren II, 2015, Pigment, Binder auf Leinwand, 80 x 80 cm, 640 \u20ac<\/figcaption><\/figure>\n\n\n\n<p><\/p>\n\n\n\n<hr class=\"wp-block-separator\"\/>\n\n\n\n<p><\/p>\n\n\n\n<p><strong>\u00dcber die K\u00fcnstlerin: <\/strong><\/p>\n\n\n\n<p><strong>Margarete Meertz,<\/strong>\u00a0Jahrgang 1952, Dipl. Sozialp\u00e4dagogin, in der Erwachsenenbildung t\u00e4tig. Ausbildung als Bildnerische Gestalttherapeutin (IHP)  Berufsbegleitendes Studium\u00a0\u00a0der Malerei mit Diplom, Malschule am Novalis Hochschulverein, Kamp-Lintfort und Freie Akademie f\u00fcr Malerei D\u00fcsseldorf .  Studienaufenthalte in Italien und Mallorca., R\u00fcgen. <\/p>\n\n\n\n<p> Zur Zeit k\u00fcnstlerisch schaffend im Atelierwerk Viersen und mit einer Auswahl von Werken im ZWISCHENRAUM Rheydt zu sehen. <\/p>\n\n\n\n<p><\/p>\n\n\n\n<p><strong>Das sagt sie \u00fcber sich selbst<\/strong>:<\/p>\n\n\n\n<p>K\u00fcnstlerisches Arbeiten&nbsp;ist f\u00fcr mich ein Prozess der Auseinandersetzung mit Farben, Formen, Linien, Fl\u00e4chen und Strukturen. Es findet ein stetiger Wechsel zwischen Beobachten, Innehalten, aus Erfahrung sch\u00f6pfen, spielen, pr\u00fcfen, verwerfen, entfremden und neu erfinden statt. Es geh\u00f6rt Mut dazu, sich ein zu lassen, einzutauchen, sich zu \u00f6ffnen und auch Nichtgelingen anzunehmen.<\/p>\n\n\n\n<p>Mein Ziel ist es, ein sch\u00f6pferisches Kunstwerk entstehen zu lassen, dass einen anspringt und ber\u00fchrt. Dabei muss nicht unbedingt etwas Konkretes dargestellt werden, sondern es obliegt dem Betrachter, eine Stimmung, eine Geste, oder etwas Konkretes wahrzunehmen.<\/p>\n\n\n\n<p><\/p>\n\n\n\n<hr class=\"wp-block-separator\"\/>\n\n\n\n<p><\/p>\n\n\n\n<p><strong>Beispielhafte Werke<\/strong><\/p>\n\n\n\n<p>Liebe Interessenten: Kaufangebote* mit Angabe des K\u00fcnstlers und des jeweiligen Bildtitels bitte per Mail an uns als Vermittler richten: <\/p>\n\n\n\n<p><strong>kontakt@matchingGenerations.de <\/strong><\/p>\n\n\n\n<p><\/p>\n\n\n\n<hr class=\"wp-block-separator\"\/>\n\n\n\n<p><\/p>\n\n\n\n<figure class=\"wp-container-2 wp-block-gallery-1 wp-block-gallery columns-3\"><ul class=\"blocks-gallery-grid\"><li class=\"blocks-gallery-item\"><figure><img loading=\"lazy\" width=\"800\" height=\"801\" src=\"https:\/\/zwischenraum-rheydt.de\/wp-content\/uploads\/2020\/03\/MeertzDSC06439-Klein.png\" alt=\"\" data-id=\"614\" data-link=\"https:\/\/zwischenraum-rheydt.de\/index.php\/margerete-meetrz\/meertzdsc06439-klein\/#main\" class=\"wp-image-614\" srcset=\"https:\/\/zwischenraum-rheydt.de\/wp-content\/uploads\/2020\/03\/MeertzDSC06439-Klein.png 800w, https:\/\/zwischenraum-rheydt.de\/wp-content\/uploads\/2020\/03\/MeertzDSC06439-Klein-300x300.png 300w, https:\/\/zwischenraum-rheydt.de\/wp-content\/uploads\/2020\/03\/MeertzDSC06439-Klein-150x150.png 150w, https:\/\/zwischenraum-rheydt.de\/wp-content\/uploads\/2020\/03\/MeertzDSC06439-Klein-768x769.png 768w, https:\/\/zwischenraum-rheydt.de\/wp-content\/uploads\/2020\/03\/MeertzDSC06439-Klein-50x50.png 50w\" sizes=\"(max-width: 800px) 100vw, 800px\" \/><figcaption class=\"blocks-gallery-item__caption\">Erntezeit<\/figcaption><\/figure><\/li><li class=\"blocks-gallery-item\"><figure><img loading=\"lazy\" width=\"800\" height=\"800\" src=\"https:\/\/zwischenraum-rheydt.de\/wp-content\/uploads\/2020\/03\/meertzDSC06441_klein.png\" alt=\"\" data-id=\"616\" data-link=\"https:\/\/zwischenraum-rheydt.de\/index.php\/margerete-meetrz\/meertzdsc06441_klein\/#main\" class=\"wp-image-616\" srcset=\"https:\/\/zwischenraum-rheydt.de\/wp-content\/uploads\/2020\/03\/meertzDSC06441_klein.png 800w, https:\/\/zwischenraum-rheydt.de\/wp-content\/uploads\/2020\/03\/meertzDSC06441_klein-300x300.png 300w, https:\/\/zwischenraum-rheydt.de\/wp-content\/uploads\/2020\/03\/meertzDSC06441_klein-150x150.png 150w, https:\/\/zwischenraum-rheydt.de\/wp-content\/uploads\/2020\/03\/meertzDSC06441_klein-768x768.png 768w, https:\/\/zwischenraum-rheydt.de\/wp-content\/uploads\/2020\/03\/meertzDSC06441_klein-50x50.png 50w\" sizes=\"(max-width: 800px) 100vw, 800px\" \/><figcaption class=\"blocks-gallery-item__caption\">Im Fang 2015<\/figcaption><\/figure><\/li><li class=\"blocks-gallery-item\"><figure><img loading=\"lazy\" width=\"800\" height=\"820\" src=\"https:\/\/zwischenraum-rheydt.de\/wp-content\/uploads\/2020\/03\/meertzDSC06442_klein.png\" alt=\"\" data-id=\"617\" data-full-url=\"https:\/\/zwischenraum-rheydt.de\/wp-content\/uploads\/2020\/03\/meertzDSC06442_klein.png\" data-link=\"https:\/\/zwischenraum-rheydt.de\/index.php\/margerete-meetrz\/meertzdsc06442_klein\/#main\" class=\"wp-image-617\" srcset=\"https:\/\/zwischenraum-rheydt.de\/wp-content\/uploads\/2020\/03\/meertzDSC06442_klein.png 800w, https:\/\/zwischenraum-rheydt.de\/wp-content\/uploads\/2020\/03\/meertzDSC06442_klein-293x300.png 293w, https:\/\/zwischenraum-rheydt.de\/wp-content\/uploads\/2020\/03\/meertzDSC06442_klein-768x787.png 768w, https:\/\/zwischenraum-rheydt.de\/wp-content\/uploads\/2020\/03\/meertzDSC06442_klein-50x50.png 50w\" sizes=\"(max-width: 800px) 100vw, 800px\" \/><figcaption class=\"blocks-gallery-item__caption\">Unter Wasser 2018<\/figcaption><\/figure><\/li><\/ul><figcaption class=\"blocks-gallery-caption\">Original-Gem\u00e4lde, verschiedene Motive<br>  Pigment, Binder auf Leinwand, 80 x 80 cm, je 640 \u20ac <\/figcaption><\/figure>\n\n\n\n<hr class=\"wp-block-separator is-style-default\"\/>\n\n\n\n<p class=\"has-text-align-center\">Auch viele weitere Werke k\u00f6nnen vermittelt werden &#8230; sprecht uns bitte an!<\/p>\n\n\n\n<figure class=\"wp-block-image size-large\"><img loading=\"lazy\" width=\"800\" height=\"600\" src=\"https:\/\/zwischenraum-rheydt.de\/wp-content\/uploads\/2020\/03\/meertz-klein1-1.png\" alt=\"\" class=\"wp-image-636\" srcset=\"https:\/\/zwischenraum-rheydt.de\/wp-content\/uploads\/2020\/03\/meertz-klein1-1.png 800w, https:\/\/zwischenraum-rheydt.de\/wp-content\/uploads\/2020\/03\/meertz-klein1-1-300x225.png 300w, https:\/\/zwischenraum-rheydt.de\/wp-content\/uploads\/2020\/03\/meertz-klein1-1-768x576.png 768w\" sizes=\"(max-width: 800px) 100vw, 800px\" \/><\/figure>\n\n\n\n<p><strong>Wichtiger Hinweis<\/strong><\/p>\n\n\n\n<p>*Alle von uns auf dieser Seite f\u00fcr die Werke genannten Euro-Betr\u00e4ge sind Orientierungswerte f\u00fcr faire Angebote an den K\u00fcnstler. \u00dcber die Annahme eines Kaufangebotes entscheidet der K\u00fcnstler. Ein Anrecht auf den Erwerb des Werkes zu den genannten Orientierungswerten hat der Kaufinteressent nicht.<\/p>\n","protected":false},"excerpt":{"rendered":"<p>Meertzmalerei &#8230; \u00dcber die K\u00fcnstlerin: Margarete Meertz,\u00a0Jahrgang 1952, Dipl. Sozialp\u00e4dagogin, in der Erwachsenenbildung t\u00e4tig. Ausbildung als Bildnerische Gestalttherapeutin (IHP) Berufsbegleitendes Studium\u00a0\u00a0der Malerei mit Diplom, Malschule am Novalis Hochschulverein, Kamp-Lintfort und Freie Akademie f\u00fcr Malerei D\u00fcsseldorf . Studienaufenthalte in Italien und&hellip; <a href=\"https:\/\/zwischenraum-rheydt.de\/index.php\/margerete-meertz\/\" class=\"more-link\">Weiterlesen <span class=\"meta-nav\">&rarr;<\/span><\/a><\/p>\n","protected":false},"author":1,"featured_media":0,"parent":0,"menu_order":0,"comment_status":"closed","ping_status":"closed","template":"","meta":[],"yoast_head":"<!-- This site is optimized with the Yoast SEO plugin v19.3 - https:\/\/yoast.com\/wordpress\/plugins\/seo\/ -->\n<title>Margerete Meertz - Zwischenraum Rheydt<\/title>\n<meta name=\"robots\" content=\"index, follow, max-snippet:-1, max-image-preview:large, max-video-preview:-1\" \/>\n<link rel=\"canonical\" href=\"https:\/\/zwischenraum-rheydt.de\/index.php\/margerete-meertz\/\" \/>\n<meta property=\"og:locale\" content=\"de_DE\" \/>\n<meta property=\"og:type\" content=\"article\" \/>\n<meta property=\"og:title\" content=\"Margerete Meertz - Zwischenraum Rheydt\" \/>\n<meta property=\"og:description\" content=\"Meertzmalerei &#8230; \u00dcber die K\u00fcnstlerin: Margarete Meertz,\u00a0Jahrgang 1952, Dipl. Sozialp\u00e4dagogin, in der Erwachsenenbildung t\u00e4tig. Ausbildung als Bildnerische Gestalttherapeutin (IHP) Berufsbegleitendes Studium\u00a0\u00a0der Malerei mit Diplom, Malschule am Novalis Hochschulverein, Kamp-Lintfort und Freie Akademie f\u00fcr Malerei D\u00fcsseldorf . Studienaufenthalte in Italien und&hellip; Weiterlesen &rarr;\" \/>\n<meta property=\"og:url\" content=\"https:\/\/zwischenraum-rheydt.de\/index.php\/margerete-meertz\/\" \/>\n<meta property=\"og:site_name\" content=\"Zwischenraum Rheydt\" \/>\n<meta property=\"article:modified_time\" content=\"2020-03-28T13:09:01+00:00\" \/>\n<meta property=\"og:image\" content=\"https:\/\/zwischenraum-rheydt.de\/wp-content\/uploads\/2020\/03\/meertz-beeren800.png\" \/>\n<meta name=\"twitter:card\" content=\"summary_large_image\" \/>\n<meta name=\"twitter:label1\" content=\"Gesch\u00e4tzte Lesezeit\" \/>\n\t<meta name=\"twitter:data1\" content=\"1\u00a0Minute\" \/>\n<script type=\"application\/ld+json\" class=\"yoast-schema-graph\">{\"@context\":\"https:\/\/schema.org\",\"@graph\":[{\"@type\":\"Organization\",\"@id\":\"https:\/\/zwischenraum-rheydt.de\/#organization\",\"name\":\"matchingGenerations GmbH & Co. KG\",\"url\":\"https:\/\/zwischenraum-rheydt.de\/\",\"sameAs\":[],\"logo\":{\"@type\":\"ImageObject\",\"inLanguage\":\"de\",\"@id\":\"https:\/\/zwischenraum-rheydt.de\/#\/schema\/logo\/image\/\",\"url\":\"https:\/\/zwischenraum-rheydt.de\/wp-content\/uploads\/2020\/01\/logo-zr-neu.png\",\"contentUrl\":\"https:\/\/zwischenraum-rheydt.de\/wp-content\/uploads\/2020\/01\/logo-zr-neu.png\",\"width\":975,\"height\":319,\"caption\":\"matchingGenerations GmbH & Co. KG\"},\"image\":{\"@id\":\"https:\/\/zwischenraum-rheydt.de\/#\/schema\/logo\/image\/\"}},{\"@type\":\"WebSite\",\"@id\":\"https:\/\/zwischenraum-rheydt.de\/#website\",\"url\":\"https:\/\/zwischenraum-rheydt.de\/\",\"name\":\"Zwischenraum Rheydt\",\"description\":\"\",\"publisher\":{\"@id\":\"https:\/\/zwischenraum-rheydt.de\/#organization\"},\"potentialAction\":[{\"@type\":\"SearchAction\",\"target\":{\"@type\":\"EntryPoint\",\"urlTemplate\":\"https:\/\/zwischenraum-rheydt.de\/?s={search_term_string}\"},\"query-input\":\"required name=search_term_string\"}],\"inLanguage\":\"de\"},{\"@type\":\"ImageObject\",\"inLanguage\":\"de\",\"@id\":\"https:\/\/zwischenraum-rheydt.de\/index.php\/margerete-meertz\/#primaryimage\",\"url\":\"https:\/\/zwischenraum-rheydt.de\/wp-content\/uploads\/2020\/03\/meertz-beeren800.png\",\"contentUrl\":\"https:\/\/zwischenraum-rheydt.de\/wp-content\/uploads\/2020\/03\/meertz-beeren800.png\",\"width\":800,\"height\":785},{\"@type\":\"WebPage\",\"@id\":\"https:\/\/zwischenraum-rheydt.de\/index.php\/margerete-meertz\/\",\"url\":\"https:\/\/zwischenraum-rheydt.de\/index.php\/margerete-meertz\/\",\"name\":\"Margerete Meertz - Zwischenraum Rheydt\",\"isPartOf\":{\"@id\":\"https:\/\/zwischenraum-rheydt.de\/#website\"},\"primaryImageOfPage\":{\"@id\":\"https:\/\/zwischenraum-rheydt.de\/index.php\/margerete-meertz\/#primaryimage\"},\"datePublished\":\"2020-03-26T18:48:56+00:00\",\"dateModified\":\"2020-03-28T13:09:01+00:00\",\"breadcrumb\":{\"@id\":\"https:\/\/zwischenraum-rheydt.de\/index.php\/margerete-meertz\/#breadcrumb\"},\"inLanguage\":\"de\",\"potentialAction\":[{\"@type\":\"ReadAction\",\"target\":[\"https:\/\/zwischenraum-rheydt.de\/index.php\/margerete-meertz\/\"]}]},{\"@type\":\"BreadcrumbList\",\"@id\":\"https:\/\/zwischenraum-rheydt.de\/index.php\/margerete-meertz\/#breadcrumb\",\"itemListElement\":[{\"@type\":\"ListItem\",\"position\":1,\"name\":\"Startseite\",\"item\":\"https:\/\/zwischenraum-rheydt.de\/\"},{\"@type\":\"ListItem\",\"position\":2,\"name\":\"Margerete Meertz\"}]}]}<\/script>\n<!-- \/ Yoast SEO plugin. -->","yoast_head_json":{"title":"Margerete Meertz - Zwischenraum Rheydt","robots":{"index":"index","follow":"follow","max-snippet":"max-snippet:-1","max-image-preview":"max-image-preview:large","max-video-preview":"max-video-preview:-1"},"canonical":"https:\/\/zwischenraum-rheydt.de\/index.php\/margerete-meertz\/","og_locale":"de_DE","og_type":"article","og_title":"Margerete Meertz - Zwischenraum Rheydt","og_description":"Meertzmalerei &#8230; \u00dcber die K\u00fcnstlerin: Margarete Meertz,\u00a0Jahrgang 1952, Dipl. Sozialp\u00e4dagogin, in der Erwachsenenbildung t\u00e4tig. Ausbildung als Bildnerische Gestalttherapeutin (IHP) Berufsbegleitendes Studium\u00a0\u00a0der Malerei mit Diplom, Malschule am Novalis Hochschulverein, Kamp-Lintfort und Freie Akademie f\u00fcr Malerei D\u00fcsseldorf . Studienaufenthalte in Italien und&hellip; Weiterlesen &rarr;","og_url":"https:\/\/zwischenraum-rheydt.de\/index.php\/margerete-meertz\/","og_site_name":"Zwischenraum Rheydt","article_modified_time":"2020-03-28T13:09:01+00:00","og_image":[{"url":"https:\/\/zwischenraum-rheydt.de\/wp-content\/uploads\/2020\/03\/meertz-beeren800.png"}],"twitter_card":"summary_large_image","twitter_misc":{"Gesch\u00e4tzte Lesezeit":"1\u00a0Minute"},"schema":{"@context":"https:\/\/schema.org","@graph":[{"@type":"Organization","@id":"https:\/\/zwischenraum-rheydt.de\/#organization","name":"matchingGenerations GmbH & Co. KG","url":"https:\/\/zwischenraum-rheydt.de\/","sameAs":[],"logo":{"@type":"ImageObject","inLanguage":"de","@id":"https:\/\/zwischenraum-rheydt.de\/#\/schema\/logo\/image\/","url":"https:\/\/zwischenraum-rheydt.de\/wp-content\/uploads\/2020\/01\/logo-zr-neu.png","contentUrl":"https:\/\/zwischenraum-rheydt.de\/wp-content\/uploads\/2020\/01\/logo-zr-neu.png","width":975,"height":319,"caption":"matchingGenerations GmbH & Co. KG"},"image":{"@id":"https:\/\/zwischenraum-rheydt.de\/#\/schema\/logo\/image\/"}},{"@type":"WebSite","@id":"https:\/\/zwischenraum-rheydt.de\/#website","url":"https:\/\/zwischenraum-rheydt.de\/","name":"Zwischenraum Rheydt","description":"","publisher":{"@id":"https:\/\/zwischenraum-rheydt.de\/#organization"},"potentialAction":[{"@type":"SearchAction","target":{"@type":"EntryPoint","urlTemplate":"https:\/\/zwischenraum-rheydt.de\/?s={search_term_string}"},"query-input":"required name=search_term_string"}],"inLanguage":"de"},{"@type":"ImageObject","inLanguage":"de","@id":"https:\/\/zwischenraum-rheydt.de\/index.php\/margerete-meertz\/#primaryimage","url":"https:\/\/zwischenraum-rheydt.de\/wp-content\/uploads\/2020\/03\/meertz-beeren800.png","contentUrl":"https:\/\/zwischenraum-rheydt.de\/wp-content\/uploads\/2020\/03\/meertz-beeren800.png","width":800,"height":785},{"@type":"WebPage","@id":"https:\/\/zwischenraum-rheydt.de\/index.php\/margerete-meertz\/","url":"https:\/\/zwischenraum-rheydt.de\/index.php\/margerete-meertz\/","name":"Margerete Meertz - Zwischenraum Rheydt","isPartOf":{"@id":"https:\/\/zwischenraum-rheydt.de\/#website"},"primaryImageOfPage":{"@id":"https:\/\/zwischenraum-rheydt.de\/index.php\/margerete-meertz\/#primaryimage"},"datePublished":"2020-03-26T18:48:56+00:00","dateModified":"2020-03-28T13:09:01+00:00","breadcrumb":{"@id":"https:\/\/zwischenraum-rheydt.de\/index.php\/margerete-meertz\/#breadcrumb"},"inLanguage":"de","potentialAction":[{"@type":"ReadAction","target":["https:\/\/zwischenraum-rheydt.de\/index.php\/margerete-meertz\/"]}]},{"@type":"BreadcrumbList","@id":"https:\/\/zwischenraum-rheydt.de\/index.php\/margerete-meertz\/#breadcrumb","itemListElement":[{"@type":"ListItem","position":1,"name":"Startseite","item":"https:\/\/zwischenraum-rheydt.de\/"},{"@type":"ListItem","position":2,"name":"Margerete Meertz"}]}]}},"_links":{"self":[{"href":"https:\/\/zwischenraum-rheydt.de\/index.php\/wp-json\/wp\/v2\/pages\/608"}],"collection":[{"href":"https:\/\/zwischenraum-rheydt.de\/index.php\/wp-json\/wp\/v2\/pages"}],"about":[{"href":"https:\/\/zwischenraum-rheydt.de\/index.php\/wp-json\/wp\/v2\/types\/page"}],"author":[{"embeddable":true,"href":"https:\/\/zwischenraum-rheydt.de\/index.php\/wp-json\/wp\/v2\/users\/1"}],"replies":[{"embeddable":true,"href":"https:\/\/zwischenraum-rheydt.de\/index.php\/wp-json\/wp\/v2\/comments?post=608"}],"version-history":[{"count":13,"href":"https:\/\/zwischenraum-rheydt.de\/index.php\/wp-json\/wp\/v2\/pages\/608\/revisions"}],"predecessor-version":[{"id":650,"href":"https:\/\/zwischenraum-rheydt.de\/index.php\/wp-json\/wp\/v2\/pages\/608\/revisions\/650"}],"wp:attachment":[{"href":"https:\/\/zwischenraum-rheydt.de\/index.php\/wp-json\/wp\/v2\/media?parent=608"}],"curies":[{"name":"wp","href":"https:\/\/api.w.org\/{rel}","templated":true}]}}